{"id":2954,"date":"2024-03-25T18:02:09","date_gmt":"2024-03-25T17:02:09","guid":{"rendered":"https:\/\/demo5.robin-laromanie.fr\/?page_id=2954"},"modified":"2024-11-19T17:51:08","modified_gmt":"2024-11-19T16:51:08","slug":"historique","status":"publish","type":"page","link":"https:\/\/www.chateau-de-sallebrune.fr\/index.php\/historique\/","title":{"rendered":"Historique"},"content":{"rendered":"\t\t<div data-elementor-type=\"wp-page\" data-elementor-id=\"2954\" class=\"elementor elementor-2954\">\n\t\t\t\t\t\t<section class=\"elementor-section elementor-top-section elementor-element elementor-element-50c4b58b elementor-section-height-min-height elementor-section-boxed elementor-section-height-default elementor-section-items-middle\" data-id=\"50c4b58b\" data-element_type=\"section\" data-e-type=\"section\" data-settings=\"{&quot;background_background&quot;:&quot;classic&quot;}\">\n\t\t\t\t\t\t\t<div class=\"elementor-background-overlay\"><\/div>\n\t\t\t\t\t\t\t<div class=\"elementor-container elementor-column-gap-default\">\n\t\t\t\t\t<div class=\"elementor-column elementor-col-100 elementor-top-column elementor-element elementor-element-1022f3db\" data-id=\"1022f3db\" data-element_type=\"column\" data-e-type=\"column\">\n\t\t\t<div class=\"elementor-widget-wrap elementor-element-populated\">\n\t\t\t\t\t\t<div class=\"elementor-element elementor-element-4de3d6d3 elementor-widget elementor-widget-heading\" data-id=\"4de3d6d3\" data-element_type=\"widget\" data-e-type=\"widget\" data-widget_type=\"heading.default\">\n\t\t\t\t<div class=\"elementor-widget-container\">\n\t\t\t\t\t<h1 class=\"elementor-heading-title elementor-size-default\">Historique du ch\u00e2teau<\/h1>\t\t\t\t<\/div>\n\t\t\t\t<\/div>\n\t\t\t\t\t<\/div>\n\t\t<\/div>\n\t\t\t\t\t<\/div>\n\t\t<\/section>\n\t\t\t\t<section class=\"elementor-section elementor-top-section elementor-element elementor-element-6466c8e8 elementor-section-stretched elementor-section-boxed elementor-section-height-default elementor-section-height-default\" data-id=\"6466c8e8\" data-element_type=\"section\" data-e-type=\"section\" data-settings=\"{&quot;stretch_section&quot;:&quot;section-stretched&quot;}\">\n\t\t\t\t\t\t<div class=\"elementor-container elementor-column-gap-default\">\n\t\t\t\t\t<div class=\"elementor-column elementor-col-100 elementor-top-column elementor-element elementor-element-4780e7e3\" data-id=\"4780e7e3\" data-element_type=\"column\" data-e-type=\"column\">\n\t\t\t<div class=\"elementor-widget-wrap elementor-element-populated\">\n\t\t\t\t\t\t<div class=\"elementor-element elementor-element-1a15b27 elementor-align-center elementor-widget elementor-widget-button\" data-id=\"1a15b27\" data-element_type=\"widget\" data-e-type=\"widget\" data-widget_type=\"button.default\">\n\t\t\t\t<div class=\"elementor-widget-container\">\n\t\t\t\t\t\t\t\t\t<div class=\"elementor-button-wrapper\">\n\t\t\t\t\t<a class=\"elementor-button elementor-button-link elementor-size-sm\" href=\"https:\/\/www.booking.com\/hotel\/fr\/chateau-de-sallebrune.fr.html\" target=\"_blank\">\n\t\t\t\t\t\t<span class=\"elementor-button-content-wrapper\">\n\t\t\t\t\t\t\t\t\t<span class=\"elementor-button-text\">Sallebrune sur Booking.com<\/span>\n\t\t\t\t\t<\/span>\n\t\t\t\t\t<\/a>\n\t\t\t\t<\/div>\n\t\t\t\t\t\t\t\t<\/div>\n\t\t\t\t<\/div>\n\t\t\t\t<div class=\"elementor-element elementor-element-7bb06a11 elementor-widget elementor-widget-heading\" data-id=\"7bb06a11\" data-element_type=\"widget\" data-e-type=\"widget\" data-widget_type=\"heading.default\">\n\t\t\t\t<div class=\"elementor-widget-container\">\n\t\t\t\t\t<h2 class=\"elementor-heading-title elementor-size-default\">Les occupants du Ch\u00e2teau de Sallebrune.<\/h2>\t\t\t\t<\/div>\n\t\t\t\t<\/div>\n\t\t\t\t<div class=\"elementor-element elementor-element-cb12fb2 elementor-widget elementor-widget-image\" data-id=\"cb12fb2\" data-element_type=\"widget\" data-e-type=\"widget\" data-widget_type=\"image.default\">\n\t\t\t\t<div class=\"elementor-widget-container\">\n\t\t\t\t\t\t\t\t\t\t\t\t\t\t\t\t<a href=\"https:\/\/www.chateau-de-sallebrune.fr\/wp-content\/uploads\/2024\/04\/Chateau-de-Sallebrune-1900-.jpg\" target=\"_blank\">\n\t\t\t\t\t\t\t<img fetchpriority=\"high\" decoding=\"async\" width=\"1024\" height=\"739\" src=\"https:\/\/www.chateau-de-sallebrune.fr\/wp-content\/uploads\/2024\/04\/Chateau-de-Sallebrune-1900--1024x739.jpg\" class=\"attachment-large size-large wp-image-3037\" alt=\"sallebrune, ch\u00e2teau, g\u00eete, auvergne\" srcset=\"https:\/\/www.chateau-de-sallebrune.fr\/wp-content\/uploads\/2024\/04\/Chateau-de-Sallebrune-1900--1024x739.jpg 1024w, https:\/\/www.chateau-de-sallebrune.fr\/wp-content\/uploads\/2024\/04\/Chateau-de-Sallebrune-1900--300x216.jpg 300w, https:\/\/www.chateau-de-sallebrune.fr\/wp-content\/uploads\/2024\/04\/Chateau-de-Sallebrune-1900--768x554.jpg 768w, https:\/\/www.chateau-de-sallebrune.fr\/wp-content\/uploads\/2024\/04\/Chateau-de-Sallebrune-1900--1536x1108.jpg 1536w, https:\/\/www.chateau-de-sallebrune.fr\/wp-content\/uploads\/2024\/04\/Chateau-de-Sallebrune-1900-.jpg 1772w\" sizes=\"(max-width: 1024px) 100vw, 1024px\" \/>\t\t\t\t\t\t\t\t<\/a>\n\t\t\t\t\t\t\t\t\t\t\t\t\t\t\t<\/div>\n\t\t\t\t<\/div>\n\t\t\t\t\t<\/div>\n\t\t<\/div>\n\t\t\t\t\t<\/div>\n\t\t<\/section>\n\t\t\t\t<section class=\"elementor-section elementor-top-section elementor-element elementor-element-ebe4002 elementor-section-boxed elementor-section-height-default elementor-section-height-default\" data-id=\"ebe4002\" data-element_type=\"section\" data-e-type=\"section\">\n\t\t\t\t\t\t<div class=\"elementor-container elementor-column-gap-default\">\n\t\t\t\t\t<div class=\"elementor-column elementor-col-100 elementor-top-column elementor-element elementor-element-ed6b472\" data-id=\"ed6b472\" data-element_type=\"column\" data-e-type=\"column\">\n\t\t\t<div class=\"elementor-widget-wrap elementor-element-populated\">\n\t\t\t\t\t\t<div class=\"elementor-element elementor-element-2724d41 elementor-widget elementor-widget-text-editor\" data-id=\"2724d41\" data-element_type=\"widget\" data-e-type=\"widget\" data-widget_type=\"text-editor.default\">\n\t\t\t\t<div class=\"elementor-widget-container\">\n\t\t\t\t\t\t\t\t\t<p>\u2013 La Noble Famille de Beaucaire (branche ain\u00e9e) y s\u00e9journa jusqu\u2019en 1640.<\/p><p>\u2013 La Noble Famille de Bressolles jusqu\u2019en 1688.<\/p><p>\u2013 Jean Debouis, \u00e9tonnant personnage, marchand\u2014fermier, qui sut parvenir au faite de la fortune. 11 \ufb01t reconstruire 1e corps d\u2019habitation principale du ch\u00e2teau de 1688 a 1693 dans le style Louis XIII (jamais termin\u00e9) en conservant son Donjon: large et haute tour ronde avec encorbellement de m\u00e2chicoulis, et ult\u00e9rieurement d\u2019un haut toit pointu: architecture typique de la Renaissance en Bourbonnais (aujourd\u2019hui a reconstruire comme il \u00e9tait encore en 1980).<\/p><p>\u2013 La Famille de Collason : de l\u2019Empire jusqu\u2019en 1903.<\/p><p>\u2013 La Famille Perrin, dont les nombreux malheurs a partir de 1913, entrainent peu a peu la ruine de la propri\u00e9t\u00e9.<\/p><p>\u2013 Les Propri\u00e9taires actuels, depuis 1979, lanc\u00e9rent de grands travaux, h\u00e9las tous entach\u00e9s de graves malfa\u00e7ons en cascade, qui les obligent \u00e0 tout faire refaire, petit a petit, compte tenu des co\u00fbts.<\/p><p>Le ch\u00e2teau fort, en pierre, fut reconstruit non loin de son ancienne motte f\u00e9odale \u00ab\u00a0\u00e0 platea\u00a0\u00bb tr\u00e8s bien conserv\u00e9e. Il est remarquable par son donjon : une large et haute tour ronde des XIIIe et XVe si\u00e8cles, et un ensemble de reconstruction du XVIIe si\u00e8cle, le tout bien int\u00e9gr\u00e9 dans un beau site dominant avec de vastes vues.<br \/>Il est le point de d\u00e9part de nombreux chemins de promenades dans le bocage.<\/p><p>Le ch\u00e2telain pourra vous faire partager sa passion pour l\u2019histoire de ce site.<\/p><p>Visite libre des ext\u00e9rieurs toute l\u2019ann\u00e9e. Visite guid\u00e9e payante des int\u00e9rieurs et ext\u00e9rieurs sur le th\u00e8me \u00ab\u00a0Sallebrune et la formation du Bourbonnais\u00a0\u00bb et \u00ab\u00a0Les al\u00e9as d\u2019un sauvetage\u00a0\u00bb\u2026<\/p>\t\t\t\t\t\t\t\t<\/div>\n\t\t\t\t<\/div>\n\t\t\t\t\t<\/div>\n\t\t<\/div>\n\t\t\t\t\t<\/div>\n\t\t<\/section>\n\t\t\t\t<section class=\"elementor-section elementor-top-section elementor-element elementor-element-75760f8 elementor-section-boxed elementor-section-height-default elementor-section-height-default\" data-id=\"75760f8\" data-element_type=\"section\" data-e-type=\"section\">\n\t\t\t\t\t\t<div class=\"elementor-container elementor-column-gap-default\">\n\t\t\t\t\t<div class=\"elementor-column elementor-col-100 elementor-top-column elementor-element elementor-element-4e4044c\" data-id=\"4e4044c\" data-element_type=\"column\" data-e-type=\"column\">\n\t\t\t<div class=\"elementor-widget-wrap elementor-element-populated\">\n\t\t\t\t\t\t<div class=\"elementor-element elementor-element-67cdbb0 elementor-align-center elementor-widget elementor-widget-button\" data-id=\"67cdbb0\" data-element_type=\"widget\" data-e-type=\"widget\" data-widget_type=\"button.default\">\n\t\t\t\t<div class=\"elementor-widget-container\">\n\t\t\t\t\t\t\t\t\t<div class=\"elementor-button-wrapper\">\n\t\t\t\t\t<a class=\"elementor-button elementor-button-link elementor-size-sm\" href=\"https:\/\/www.chateau-de-sallebrune.fr\/index.php\/le-gite\/\" target=\"_blank\">\n\t\t\t\t\t\t<span class=\"elementor-button-content-wrapper\">\n\t\t\t\t\t\t\t\t\t<span class=\"elementor-button-text\">Le g\u00eete de Sallebrune ici ! <\/span>\n\t\t\t\t\t<\/span>\n\t\t\t\t\t<\/a>\n\t\t\t\t<\/div>\n\t\t\t\t\t\t\t\t<\/div>\n\t\t\t\t<\/div>\n\t\t\t\t\t<\/div>\n\t\t<\/div>\n\t\t\t\t\t<\/div>\n\t\t<\/section>\n\t\t\t\t<section class=\"elementor-section elementor-top-section elementor-element elementor-element-0017cfd elementor-section-boxed elementor-section-height-default elementor-section-height-default\" data-id=\"0017cfd\" data-element_type=\"section\" data-e-type=\"section\">\n\t\t\t\t\t\t<div class=\"elementor-container elementor-column-gap-default\">\n\t\t\t\t\t<div class=\"elementor-column elementor-col-100 elementor-top-column elementor-element elementor-element-de6398c\" data-id=\"de6398c\" data-element_type=\"column\" data-e-type=\"column\">\n\t\t\t<div class=\"elementor-widget-wrap elementor-element-populated\">\n\t\t\t\t\t\t<div class=\"elementor-element elementor-element-48de432 elementor-align-center elementor-widget elementor-widget-button\" data-id=\"48de432\" data-element_type=\"widget\" data-e-type=\"widget\" data-widget_type=\"button.default\">\n\t\t\t\t<div class=\"elementor-widget-container\">\n\t\t\t\t\t\t\t\t\t<div class=\"elementor-button-wrapper\">\n\t\t\t\t\t<a class=\"elementor-button elementor-button-link elementor-size-sm\" href=\"https:\/\/www.booking.com\/hotel\/fr\/chateau-de-sallebrune.fr.html\" target=\"_blank\">\n\t\t\t\t\t\t<span class=\"elementor-button-content-wrapper\">\n\t\t\t\t\t\t\t\t\t<span class=\"elementor-button-text\">Sallebrune sur Booking.com<\/span>\n\t\t\t\t\t<\/span>\n\t\t\t\t\t<\/a>\n\t\t\t\t<\/div>\n\t\t\t\t\t\t\t\t<\/div>\n\t\t\t\t<\/div>\n\t\t\t\t\t<\/div>\n\t\t<\/div>\n\t\t\t\t\t<\/div>\n\t\t<\/section>\n\t\t\t\t<\/div>\n\t\t","protected":false},"excerpt":{"rendered":"<p>Historique du ch\u00e2teau Sallebrune sur Booking.com Les occupants du Ch\u00e2teau de Sallebrune. \u2013 La Noble Famille de Beaucaire (branche ain\u00e9e) y s\u00e9journa jusqu\u2019en 1640. \u2013 La Noble Famille de Bressolles jusqu\u2019en 1688. \u2013 Jean Debouis, \u00e9tonnant personnage, marchand\u2014fermier, qui sut parvenir au faite de la fortune. 11 \ufb01t reconstruire 1e corps d\u2019habitation principale du ch\u00e2teau&#8230;<\/p>\n","protected":false},"author":1,"featured_media":0,"parent":0,"menu_order":0,"comment_status":"closed","ping_status":"closed","template":"","meta":{"_kadence_starter_templates_imported_post":false,"_kad_post_transparent":"","_kad_post_title":"hide","_kad_post_layout":"fullwidth","_kad_post_sidebar_id":"","_kad_post_content_style":"unboxed","_kad_post_vertical_padding":"hide","_kad_post_feature":"hide","_kad_post_feature_position":"","_kad_post_header":false,"_kad_post_footer":false,"_kad_post_classname":"","footnotes":""},"class_list":["post-2954","page","type-page","status-publish","hentry"],"yoast_head":"<!-- This site is optimized with the Yoast SEO plugin v27.3 - https:\/\/yoast.com\/product\/yoast-seo-wordpress\/ -->\n<title>Historique - Ch\u00e2teau de Sallebrune<\/title>\n<meta name=\"description\" content=\"Le ch\u00e2teau de Sallebrune, dans l&#039;Allier en Auvergne, vous propose un cadre id\u00e9al avec un g\u00eete tr\u00e8s agr\u00e9able et de nombreuses activit\u00e9s.\" \/>\n<meta name=\"robots\" content=\"index, follow, max-snippet:-1, max-image-preview:large, max-video-preview:-1\" \/>\n<link rel=\"canonical\" href=\"https:\/\/www.chateau-de-sallebrune.fr\/index.php\/historique\/\" \/>\n<meta property=\"og:locale\" content=\"fr_FR\" \/>\n<meta property=\"og:type\" content=\"article\" \/>\n<meta property=\"og:title\" content=\"Historique - Ch\u00e2teau de Sallebrune\" \/>\n<meta property=\"og:description\" content=\"Le ch\u00e2teau de Sallebrune, dans l&#039;Allier en Auvergne, vous propose un cadre id\u00e9al avec un g\u00eete tr\u00e8s agr\u00e9able et de nombreuses activit\u00e9s.\" \/>\n<meta property=\"og:url\" content=\"https:\/\/www.chateau-de-sallebrune.fr\/index.php\/historique\/\" \/>\n<meta property=\"og:site_name\" content=\"Ch\u00e2teau de Sallebrune\" \/>\n<meta property=\"article:modified_time\" content=\"2024-11-19T16:51:08+00:00\" \/>\n<meta property=\"og:image\" content=\"https:\/\/www.chateau-de-sallebrune.fr\/wp-content\/uploads\/2024\/04\/Chateau-de-Sallebrune-1900-.jpg\" \/>\n\t<meta property=\"og:image:width\" content=\"1772\" \/>\n\t<meta property=\"og:image:height\" content=\"1278\" \/>\n\t<meta property=\"og:image:type\" content=\"image\/jpeg\" \/>\n<meta name=\"twitter:card\" content=\"summary_large_image\" \/>\n<meta name=\"twitter:label1\" content=\"Dur\u00e9e de lecture estim\u00e9e\" \/>\n\t<meta name=\"twitter:data1\" content=\"2 minutes\" \/>\n<script type=\"application\/ld+json\" class=\"yoast-schema-graph\">{\"@context\":\"https:\\\/\\\/schema.org\",\"@graph\":[{\"@type\":\"WebPage\",\"@id\":\"https:\\\/\\\/www.chateau-de-sallebrune.fr\\\/index.php\\\/historique\\\/\",\"url\":\"https:\\\/\\\/www.chateau-de-sallebrune.fr\\\/index.php\\\/historique\\\/\",\"name\":\"Historique - Ch\u00e2teau de Sallebrune\",\"isPartOf\":{\"@id\":\"https:\\\/\\\/www.chateau-de-sallebrune.fr\\\/#website\"},\"primaryImageOfPage\":{\"@id\":\"https:\\\/\\\/www.chateau-de-sallebrune.fr\\\/index.php\\\/historique\\\/#primaryimage\"},\"image\":{\"@id\":\"https:\\\/\\\/www.chateau-de-sallebrune.fr\\\/index.php\\\/historique\\\/#primaryimage\"},\"thumbnailUrl\":\"https:\\\/\\\/www.chateau-de-sallebrune.fr\\\/wp-content\\\/uploads\\\/2024\\\/04\\\/Chateau-de-Sallebrune-1900--1024x739.jpg\",\"datePublished\":\"2024-03-25T17:02:09+00:00\",\"dateModified\":\"2024-11-19T16:51:08+00:00\",\"description\":\"Le ch\u00e2teau de Sallebrune, dans l'Allier en Auvergne, vous propose un cadre id\u00e9al avec un g\u00eete tr\u00e8s agr\u00e9able et de nombreuses activit\u00e9s.\",\"breadcrumb\":{\"@id\":\"https:\\\/\\\/www.chateau-de-sallebrune.fr\\\/index.php\\\/historique\\\/#breadcrumb\"},\"inLanguage\":\"fr-FR\",\"potentialAction\":[{\"@type\":\"ReadAction\",\"target\":[\"https:\\\/\\\/www.chateau-de-sallebrune.fr\\\/index.php\\\/historique\\\/\"]}]},{\"@type\":\"ImageObject\",\"inLanguage\":\"fr-FR\",\"@id\":\"https:\\\/\\\/www.chateau-de-sallebrune.fr\\\/index.php\\\/historique\\\/#primaryimage\",\"url\":\"https:\\\/\\\/www.chateau-de-sallebrune.fr\\\/wp-content\\\/uploads\\\/2024\\\/04\\\/Chateau-de-Sallebrune-1900-.jpg\",\"contentUrl\":\"https:\\\/\\\/www.chateau-de-sallebrune.fr\\\/wp-content\\\/uploads\\\/2024\\\/04\\\/Chateau-de-Sallebrune-1900-.jpg\",\"width\":1772,\"height\":1278,\"caption\":\"sallebrune, ch\u00e2teau, g\u00eete, auvergne\"},{\"@type\":\"BreadcrumbList\",\"@id\":\"https:\\\/\\\/www.chateau-de-sallebrune.fr\\\/index.php\\\/historique\\\/#breadcrumb\",\"itemListElement\":[{\"@type\":\"ListItem\",\"position\":1,\"name\":\"Accueil\",\"item\":\"https:\\\/\\\/www.chateau-de-sallebrune.fr\\\/\"},{\"@type\":\"ListItem\",\"position\":2,\"name\":\"Historique\"}]},{\"@type\":\"WebSite\",\"@id\":\"https:\\\/\\\/www.chateau-de-sallebrune.fr\\\/#website\",\"url\":\"https:\\\/\\\/www.chateau-de-sallebrune.fr\\\/\",\"name\":\"Ch\u00e2teau de Sallebrune\",\"description\":\"\",\"potentialAction\":[{\"@type\":\"SearchAction\",\"target\":{\"@type\":\"EntryPoint\",\"urlTemplate\":\"https:\\\/\\\/www.chateau-de-sallebrune.fr\\\/?s={search_term_string}\"},\"query-input\":{\"@type\":\"PropertyValueSpecification\",\"valueRequired\":true,\"valueName\":\"search_term_string\"}}],\"inLanguage\":\"fr-FR\"}]}<\/script>\n<!-- \/ Yoast SEO plugin. -->","yoast_head_json":{"title":"Historique - Ch\u00e2teau de Sallebrune","description":"Le ch\u00e2teau de Sallebrune, dans l'Allier en Auvergne, vous propose un cadre id\u00e9al avec un g\u00eete tr\u00e8s agr\u00e9able et de nombreuses activit\u00e9s.","robots":{"index":"index","follow":"follow","max-snippet":"max-snippet:-1","max-image-preview":"max-image-preview:large","max-video-preview":"max-video-preview:-1"},"canonical":"https:\/\/www.chateau-de-sallebrune.fr\/index.php\/historique\/","og_locale":"fr_FR","og_type":"article","og_title":"Historique - Ch\u00e2teau de Sallebrune","og_description":"Le ch\u00e2teau de Sallebrune, dans l'Allier en Auvergne, vous propose un cadre id\u00e9al avec un g\u00eete tr\u00e8s agr\u00e9able et de nombreuses activit\u00e9s.","og_url":"https:\/\/www.chateau-de-sallebrune.fr\/index.php\/historique\/","og_site_name":"Ch\u00e2teau de Sallebrune","article_modified_time":"2024-11-19T16:51:08+00:00","og_image":[{"width":1772,"height":1278,"url":"https:\/\/www.chateau-de-sallebrune.fr\/wp-content\/uploads\/2024\/04\/Chateau-de-Sallebrune-1900-.jpg","type":"image\/jpeg"}],"twitter_card":"summary_large_image","twitter_misc":{"Dur\u00e9e de lecture estim\u00e9e":"2 minutes"},"schema":{"@context":"https:\/\/schema.org","@graph":[{"@type":"WebPage","@id":"https:\/\/www.chateau-de-sallebrune.fr\/index.php\/historique\/","url":"https:\/\/www.chateau-de-sallebrune.fr\/index.php\/historique\/","name":"Historique - Ch\u00e2teau de Sallebrune","isPartOf":{"@id":"https:\/\/www.chateau-de-sallebrune.fr\/#website"},"primaryImageOfPage":{"@id":"https:\/\/www.chateau-de-sallebrune.fr\/index.php\/historique\/#primaryimage"},"image":{"@id":"https:\/\/www.chateau-de-sallebrune.fr\/index.php\/historique\/#primaryimage"},"thumbnailUrl":"https:\/\/www.chateau-de-sallebrune.fr\/wp-content\/uploads\/2024\/04\/Chateau-de-Sallebrune-1900--1024x739.jpg","datePublished":"2024-03-25T17:02:09+00:00","dateModified":"2024-11-19T16:51:08+00:00","description":"Le ch\u00e2teau de Sallebrune, dans l'Allier en Auvergne, vous propose un cadre id\u00e9al avec un g\u00eete tr\u00e8s agr\u00e9able et de nombreuses activit\u00e9s.","breadcrumb":{"@id":"https:\/\/www.chateau-de-sallebrune.fr\/index.php\/historique\/#breadcrumb"},"inLanguage":"fr-FR","potentialAction":[{"@type":"ReadAction","target":["https:\/\/www.chateau-de-sallebrune.fr\/index.php\/historique\/"]}]},{"@type":"ImageObject","inLanguage":"fr-FR","@id":"https:\/\/www.chateau-de-sallebrune.fr\/index.php\/historique\/#primaryimage","url":"https:\/\/www.chateau-de-sallebrune.fr\/wp-content\/uploads\/2024\/04\/Chateau-de-Sallebrune-1900-.jpg","contentUrl":"https:\/\/www.chateau-de-sallebrune.fr\/wp-content\/uploads\/2024\/04\/Chateau-de-Sallebrune-1900-.jpg","width":1772,"height":1278,"caption":"sallebrune, ch\u00e2teau, g\u00eete, auvergne"},{"@type":"BreadcrumbList","@id":"https:\/\/www.chateau-de-sallebrune.fr\/index.php\/historique\/#breadcrumb","itemListElement":[{"@type":"ListItem","position":1,"name":"Accueil","item":"https:\/\/www.chateau-de-sallebrune.fr\/"},{"@type":"ListItem","position":2,"name":"Historique"}]},{"@type":"WebSite","@id":"https:\/\/www.chateau-de-sallebrune.fr\/#website","url":"https:\/\/www.chateau-de-sallebrune.fr\/","name":"Ch\u00e2teau de Sallebrune","description":"","potentialAction":[{"@type":"SearchAction","target":{"@type":"EntryPoint","urlTemplate":"https:\/\/www.chateau-de-sallebrune.fr\/?s={search_term_string}"},"query-input":{"@type":"PropertyValueSpecification","valueRequired":true,"valueName":"search_term_string"}}],"inLanguage":"fr-FR"}]}},"_links":{"self":[{"href":"https:\/\/www.chateau-de-sallebrune.fr\/index.php\/wp-json\/wp\/v2\/pages\/2954","targetHints":{"allow":["GET"]}}],"collection":[{"href":"https:\/\/www.chateau-de-sallebrune.fr\/index.php\/wp-json\/wp\/v2\/pages"}],"about":[{"href":"https:\/\/www.chateau-de-sallebrune.fr\/index.php\/wp-json\/wp\/v2\/types\/page"}],"author":[{"embeddable":true,"href":"https:\/\/www.chateau-de-sallebrune.fr\/index.php\/wp-json\/wp\/v2\/users\/1"}],"replies":[{"embeddable":true,"href":"https:\/\/www.chateau-de-sallebrune.fr\/index.php\/wp-json\/wp\/v2\/comments?post=2954"}],"version-history":[{"count":0,"href":"https:\/\/www.chateau-de-sallebrune.fr\/index.php\/wp-json\/wp\/v2\/pages\/2954\/revisions"}],"wp:attachment":[{"href":"https:\/\/www.chateau-de-sallebrune.fr\/index.php\/wp-json\/wp\/v2\/media?parent=2954"}],"curies":[{"name":"wp","href":"https:\/\/api.w.org\/{rel}","templated":true}]}}